{"id":425,"date":"2019-10-28T08:28:51","date_gmt":"2019-10-28T07:28:51","guid":{"rendered":"http:\/\/www.cbd-kompetenzzentrum.com\/homepage\/?page_id=425"},"modified":"2020-06-30T15:47:45","modified_gmt":"2020-06-30T13:47:45","slug":"agb","status":"publish","type":"page","link":"https:\/\/www.cbd-kompetenzzentrum.com\/homepage\/agb\/","title":{"rendered":"AGB"},"content":{"rendered":"\t\t<div data-elementor-type=\"wp-page\" data-elementor-id=\"425\" class=\"elementor elementor-425\" data-elementor-settings=\"[]\">\n\t\t\t\t\t\t<div class=\"elementor-inner\">\n\t\t\t\t\t\t\t<div class=\"elementor-section-wrap\">\n\t\t\t\t\t\t\t<section data-particle_enable=\"false\" data-particle-mobile-disabled=\"false\" class=\"elementor-section elementor-top-section elementor-element elementor-element-4571d9c2 elementor-section-boxed elementor-section-height-default elementor-section-height-default\" data-id=\"4571d9c2\" data-element_type=\"section\">\n\t\t\t\t\t\t<div class=\"elementor-container elementor-column-gap-default\">\n\t\t\t\t\t\t\t<div class=\"elementor-row\">\n\t\t\t\t\t<div class=\"elementor-column elementor-col-100 elementor-top-column elementor-element elementor-element-53f8eccd\" data-id=\"53f8eccd\" data-element_type=\"column\">\n\t\t\t<div class=\"elementor-column-wrap elementor-element-populated\">\n\t\t\t\t\t\t\t<div class=\"elementor-widget-wrap\">\n\t\t\t\t\t\t<div class=\"elementor-element elementor-element-b13a362 elementor-widget elementor-widget-eael-dual-color-header\" data-id=\"b13a362\" data-element_type=\"widget\" data-widget_type=\"eael-dual-color-header.default\">\n\t\t\t\t<div class=\"elementor-widget-container\">\n\t\t\t\n\t\t\n\t\t\n\t\t\n\t\t\n\t\t\t\t<\/div>\n\t\t\t\t<\/div>\n\t\t\t\t\t\t<\/div>\n\t\t\t\t\t<\/div>\n\t\t<\/div>\n\t\t\t\t\t\t\t\t<\/div>\n\t\t\t\t\t<\/div>\n\t\t<\/section>\n\t\t\t\t<section data-particle_enable=\"false\" data-particle-mobile-disabled=\"false\" class=\"elementor-section elementor-top-section elementor-element elementor-element-6c1dce7 elementor-section-boxed elementor-section-height-default elementor-section-height-default\" data-id=\"6c1dce7\" data-element_type=\"section\">\n\t\t\t\t\t\t<div class=\"elementor-container elementor-column-gap-default\">\n\t\t\t\t\t\t\t<div class=\"elementor-row\">\n\t\t\t\t\t<div class=\"elementor-column elementor-col-100 elementor-top-column elementor-element elementor-element-165ff50\" data-id=\"165ff50\" data-element_type=\"column\">\n\t\t\t<div class=\"elementor-column-wrap elementor-element-populated\">\n\t\t\t\t\t\t\t<div class=\"elementor-widget-wrap\">\n\t\t\t\t\t\t<div class=\"elementor-element elementor-element-8be7a39 elementor-widget elementor-widget-text-editor\" data-id=\"8be7a39\" data-element_type=\"widget\" data-widget_type=\"text-editor.default\">\n\t\t\t\t<div class=\"elementor-widget-container\">\n\t\t\t\t\t<div class=\"elementor-text-editor elementor-clearfix\"><p><strong>I. Geltung<\/strong><\/p><p>Die Lieferungen, Leistungen und Angebote unseres Unternehmens erfolgen ausschlie\u00dflich aufgrund dieser AGB, und zwar unabh\u00e4ngig von der Art des Rechtsgesch\u00e4ftes. S\u00e4mtliche unserer privatrechtlichen Willenserkl\u00e4rungen sind auf Grundlage dieser AGB zu verstehen. Entgegenstehende oder von unseren AGB abweichende Bedingungen des Kunden erkennen wir nicht an, es sei denn, wir h\u00e4tten schriftlich und ausdr\u00fccklich ihrer Geltung zugestimmt. Vertragserf\u00fcllungshandlungen unsererseits gelten insofern nicht als Zustimmung zu von unseren AGB abweichenden Vertragsbedingungen. Diese Gesch\u00e4ftsbedingungen gelten als Rahmenvereinbarung auch f\u00fcr alle weiteren Rechtsgesch\u00e4fte zwischen den Vertragsparteien.<\/p><p><strong>II. Vertragsabschluss<\/strong><br \/>a) Unsere Anbote verstehen sich unverbindlich und freibleibend. Von diesen AGB oder anderen unserer schriftlichen Willenserkl\u00e4rungen abweichende m\u00fcndliche Zusagen, Nebenabreden und dergleichen, insbesondere solche, die von Verk\u00e4ufern, Zustellern, etc, abgegeben werden, sind f\u00fcr uns nicht verbindlich. Der Inhalt der von uns verwendeten Prospekte, Werbeank\u00fcndigungen etc wird nicht Vertragsbestandteil, es sei denn, dass darauf ausdr\u00fccklich Bezug genommen wurde. b) Jeder Auftrag bedarf zum Vertragsabschlu\u00df einer Auftragsbest\u00e4tigung. Das Absenden oder \u00dcbergeben der vom Kunden bestellten Ware bewirkt ebenfalls den Vertragsabschluss. Werden an uns Angebote gerichtet, so ist der Anbietende eine angemessene, mindestens jedoch achtt\u00e4gige Frist, ab Zugang des Angebotes daran gebunden.<\/p><p><strong>III. Preis<\/strong><br \/>Alle von uns genannten Preise sind, sofern nichts anderes ausdr\u00fccklich vermerkt ist, exklusive Umsatzsteuer zu verstehen. Sollten sich die Lohnkosten zwischen Vertragsabschlu\u00df und Lieferung aufgrund kollektivvertraglicher Regelungen in der Branche oder innerbetrieblicher Abschl\u00fcsse oder sollten sich andere, f\u00fcr die Kalkulation relevante Kostenstellen oder zur Leistungserstellung notwendige Kosten, wie jene f\u00fcr Materialien, Energie, Transporte, Fremdarbeiten, Finanzierung etc, ver\u00e4ndern, so sind wir berechtigt, die Preise entsprechend zu erh\u00f6hen oder zu erm\u00e4\u00dfigen.<\/p><p><strong>IV. Zahlungsbedingungen, Verzugszinsen<\/strong><br \/>a) Mangels gegenteiliger Vereinbarung sind unsere Forderungen Zug um Zug gegen \u00dcbergabe der Ware bar zu bezahlen. Unsere Rechnungen sind ab Waren\u00fcbernahme zur Zahlung f\u00e4llig. Ohne besondere Vereinbarung ist der Abzug eines Skontos nicht zul\u00e4ssig. Im Falle des Zahlungsverzuges, auch mit Teilzahlungen, treten allf\u00e4llige Skontovereinbarungen au\u00dfer Kraft. Zahlungen des Kunden gelten erst mit dem Zeitpunkt des Einlangens auf unserem Gesch\u00e4ftskonto als geleistet.<\/p><p>b) Eine Verzinsung von Voraus- oder Akontozahlungen findet nicht statt.<\/p><p>c) F\u00fcr den Fall des Zahlungsverzuges sind wir ab F\u00e4lligkeit berechtigt, Verzugszinsen in H\u00f6he von 12% per anno zu verrechnen. Weitere Anspr\u00fcche, wie insbesondere der Anspruch auf h\u00f6here Zinsen, aus dem Titel des Schadenersatzes bleiben vorbehalten. Von uns gew\u00e4hrte Rabatte der letzten 12 Monate werden bei Zahlungsverzug auch nur einer Rechnung von mehr als 14 Tagen zur\u00fcck verrechnet.<\/p><p><strong>V. Vertragsr\u00fccktritt<\/strong><br \/>a) Neben den allgemeinen gesetzlichen Bestimmungen sind wir auch bei Annahmeverzug (Pkt VII) oder anderen wichtigen Gr\u00fcnden, wie insbesondere Er\u00f6ffnung des Konkursverfahrens \u00fcber d as Verm\u00f6gen eines Vertragspartners oder Abweisung eines Konkursantrages mangels kostendeckenden Verm\u00f6gens, zum R\u00fccktritt vom Vertrag berechtigt. F\u00fcr den Fall des R\u00fccktrittes haben wir bei Verschulden des Kunden die Wahl, einen pauschalierten Schadenersatz von 30 % des Bruttorechnungsbetrages oder den Ersatz des tats\u00e4chlich entstandenen Schadens zu begehren. b) Bei Zahlungsverzug des Kunden sind wir von allen weiteren Leistungs- und Lieferungsverpflichtungen entbunden und berechtigt, noch ausstehende Lieferungen oder Leistungen zur\u00fcckzuhalten und Vorauszahlungen bzw Sicherstellungen zu fordern oder \u2013 gegebenenfalls nach Setzung einer angemessenen Nachfrist \u2013 vom Vertrag zur\u00fcckzutreten. c) Tritt der Kunde \u2013 ohne dazu berechtigt zu sein \u2013 vom Vertrag zur\u00fcck oder begehrt er unberechtigt seine Aufhebung, so haben wir die Wahl, auf der Erf\u00fcllung des Vertrages zu bestehen oder der Aufhebung des Vertrages zuzustimmen; im letzteren Fall ist der Kunde verpflichtet, nach unserer Wahl einen pauschalierten Schadenersatz in der H\u00f6he von 30 % des Bruttorechnungsbetrages oder den tats\u00e4chlich entstandenen Schaden zu bezahlen.<\/p><p><strong>VI. Mahn- und Inkassospesen<\/strong><br \/>Im Falle des Zahlungsverzuges hat der Kunde die uns entstehenden Mahnspesen in H\u00f6he von pauschal \u20ac15,00 zuz\u00fcglich Porto pro erfolgter Mahnung sowie f\u00fcr die Evidenzhaltung des Schuldverh\u00e4ltnisses im Mahnwesen pro Halbjahr einen Betrag von \u20ac10,00 zu ersetzen. Dar\u00fcber hinaus sind uns alle zur zweckentsprechenden Rechtsverfolgung notwendigen Mahn- und Inkassospesen zu ersetzen, zB die tarifm\u00e4\u00dfigen Kosten eines Rechtsanwaltes.<\/p><p><strong>VII. Lieferung, Transport, Annahmeverzug<\/strong><br \/>a) Unsere Verkaufspreise beinhalten keine Kosten f\u00fcr Zustellung, Verpackung, Montage oder Aufstellung. Auf Wunsch werden jedoch diese Leistungen gegen gesonderte Zahlung von uns erbracht bzw organisiert. Dabei werden f\u00fcr Transport bzw Zustellung die tats\u00e4chlich aufgewendeten Kosten samt einem angemessenen Manipulationsaufwand, mindestens jedoch die am Auslieferungstag geltenden oder \u00fcblichen Fracht- und Fuhrl\u00f6hne der gew\u00e4hlten Transportart in Rechnung gestellt. Nicht retournierte Europaletten werden mit 10,00 pro St\u00fcck verrechnet.<\/p><p>b) Hat der Kunde die Ware nicht wie vereinbart angenommen (Annahmeverzug), sind wir berechtigt, die Ware entweder bei uns einzulagern, wof\u00fcr wir eine Lagergeb\u00fchr von 0,1 % des Bruttorechnungsbetrages pro angefangenem Kalendertag in Rechnung stellen oder auf Kosten und Gefahr des Kunden bei einem dazu befugten Gewerbsmanne einzulagern. Gleichzeitig sind wir berechtigt, entweder auf Vertragserf\u00fcllung zu bestehen oder nach Setzung einer angemessenen Nachfrist vom Vertrag zur\u00fcckzutreten und die Ware anderweitig zu verwerten. Handelt es sich um eine verderbliche Ware und ist Gefahr in Verzug, sind wir bei Annahmeverzug berechtigt, die Ware ohne vorherige Androhung auf Rechnung des s\u00e4umigen Kunden selbst zu einem angemessenen Preis zu ver\u00e4u\u00dfern.<\/p><p>c) F\u00fcr Lieferungen an uns ist das jeweils vorgeschriebene Transportunterneh-men\/Spedition zu verwenden. Verst\u00f6\u00dft der Lieferant gegen diese Vorgaben hat der uns die dadurch entstandenen Mehrkosten in voller H\u00f6he zu ersetzen.<\/p><p><strong>VIII. Gefahren\u00fcbergang<\/strong><br \/>Unbeschadet der gesetzlichen Regelungen geht die Gefahr des zuf\u00e4lligen Unterganges oder der zuf\u00e4lligen Verschlechterung jedenfalls mit der \u00dcbergabe an den Transporteur \u2013 auch bei Lieferung frei Bestimmungsort \u2013 auf den K\u00e4ufer \u00fcber.<\/p><p>IX. Lieferfrist, P\u00f6nale<br \/>a) Zur Leistungsausf\u00fchrung sind wir erst dann verpflichtet, sobald der Kunde all seinen Verpflichtungen, die zur Ausf\u00fchrung erforderlich sind, nachgekommen ist, insbesondere alle technischen und vertraglichen Einzelheiten, Vorarbeiten und Vorbereitungsma\u00dfnahmen erf\u00fcllt hat.<\/p><p>b) Wir sind berechtigt, die vereinbarten Termine und Lieferfristen bis zu sechs Woche zu \u00fcberschreiten. Innerhalb dieser Frist sind wir berechtigt, r\u00fcckst\u00e4ndige Waren ohne weitere R\u00fccksprache auszuliefern. Erst nach Ablauf dieser Frist kann der Kunde nach Setzung einer angemessenen Nachfrist vom Vertrag zur\u00fccktreten. Teillieferungen sind zul\u00e4ssig.<\/p><p>c) Bei Lieferhindernisse die durch h\u00f6herer Gewalt, Lieferverz\u00f6gerungen unserer Lieferanten, Betriebs- oder Verkehrsst\u00f6rungen, Feuer, \u00dcberschwemmung, Arbeitskr\u00e4fte-, Energie-, oder Rohstoffmangel, Streik, beh\u00f6rdliche Ma\u00dfnahmen verursacht wurden, sind wir von unserer Lieferverpflichtung unter Ausschluss von Schadensersatzforderungen ganz oder teilweise befreit.<\/p><p>d) bei Lieferverzug eines Lieferanten sind wir berechtigt ein nicht dem richterlichen M\u00e4\u00dfigungsrecht unterliegendes, verschuldensunabh\u00e4ngiges P\u00f6nale in der H\u00f6he von 5% des Bruttorechnungsbetrages f\u00fcr jede angefangene Woche der Versp\u00e4tung, maximal jedoch 50% des Bruttorechnungsbetrages zu verlangen. Die Geltendmachung eines allenfalls dar\u00fcber hinausgehenden Schadens bleibt vorbehalten.<\/p><p>Erf\u00fcllungsort:<br \/>Erf\u00fcllungsort ist der Sitz unseres Unternehmens in 8020 Graz Asperngasse 4.<\/p><p><strong>XI. Geringf\u00fcgige Leistungs\u00e4nderungen<\/strong><br \/>Geringf\u00fcgige oder sonstige f\u00fcr unsere Kunden zumutbare \u00c4nderungen unserer Leistungs- bzw Lieferverpflichtung gelten vorweg als genehmigt. Dies gilt insbesondere f\u00fcr durch die Sache bedingte Abweichungen (zB bei Ma\u00dfen, Farben, Gewicht sowie Abweichungen von Abbildungen in unseren Prospekten oder sonstigen Aussendungen etc).<\/p><p><strong>XII. Gew\u00e4hrleistung, Untersuchungs- und R\u00fcgepflicht<\/strong><br \/>a) Gew\u00e4hrleistungsanspr\u00fcche des Kunden erf\u00fcllen wir bei Vorliegen eines behebbaren Mangels nach unserer Wahl entweder durch Austausch, Reparatur innerhalb angemessener Frist oder Preisminderung. Schadenersatzanspr\u00fcche des Kunden, die auf Behebung des Mangels zielen, k\u00f6nnen erst geltend gemacht werden, wenn wir mit der Erf\u00fcllung der Gew\u00e4hrleistungsanspr\u00fcche in Verzug geraten sind.<\/p><p>b) Im Sinne der \u00a7 377f UGB ist die Ware nach der Ablieferung unverz\u00fcglich zu untersuchen. Dabei festgestellte M\u00e4ngel sind uns unverz\u00fcglich, l\u00e4ngstens aber binnen zwei Werktagen nach ihrer Entdeckung unter Bekanntgabe von Art und Umfang des Mangels schriftlich bekannt zu geben. Verdeckte M\u00e4ngel sind unverz\u00fcglich, l\u00e4ngstens aber binnen zwei Werktagen nach ihrer Entdeckung, schriftlich zu r\u00fcgen. Wird eine M\u00e4ngelr\u00fcge nicht oder nicht rechtzeitig erhoben, so gilt die Ware als genehmigt.<\/p><p>c) Bei Lieferung von Sekunda, Partieware oder Restposten ist die Geltendmachung von optischen M\u00e4ngeln und Qualit\u00e4tsm\u00e4ngeln ausgeschlossen.<\/p><p><strong>XIII. Schadenersatz<\/strong><br \/>a) S\u00e4mtliche Schadenersatzanspr\u00fcche gegen uns sind in F\u00e4llen leichter Fahrl\u00e4ssigkeit ausgeschlossen. Das Vorliegen von leichter bzw grober Fahrl\u00e4ssigkeit hat der Gesch\u00e4digte zu beweisen.<\/p><p>b) Die Verj\u00e4hrungsfrist von Schadenersatzanspr\u00fcchen betr\u00e4gt 2 Jahre ab Gefahren\u00fcbergang. Die in diesen AGB enthaltenen oder sonst vereinbarten Bestimmungen \u00fcber Schadenersatz gelten auch dann, wenn der Schadenersatzanspruch neben oder anstelle eines Gew\u00e4hrleistungsanspruches geltend gemacht wird.<\/p><p>c) Die H\u00f6he allf\u00e4lliger Schadenersatzanspr\u00fcche gegen uns ist er mit der Deckungssumme der bestehenden Betriebshaftpflichtversicherung beschr\u00e4nken. Der Ersatz von entgangenem Gewinn und anderen Folgesch\u00e4den ist ausgeschlossen.<\/p><p><strong>XIV. Produkthaftung<\/strong><br \/>Regressforderungen im Sinne des \u00a7 12 Produkthaftungsgesetz sind ausgeschlossen, es sei denn, der Regressberechtigte weist nach, dass der Fehler in unserer Sph\u00e4re verursacht und zumindest grob fahrl\u00e4ssig verschuldet worden ist.<\/p><p><strong>XV. Eigentumsvorbehalt und dessen Geltendmachung<\/strong><br \/>a) Alle Kaufgegenst\u00e4nde bzw. die Ware bleiben bis zur Vollst\u00e4ndigen Bezahlung des Kaufpreises und aller damit verbunden Kosten und Spesen in unserm Eigentum. Im Falle des auch nur teilweisen Zahlungsverzuges sind wir berechtigt, die Ware auch ohne Zustimmung des K\u00e4ufers abzuholen.<\/p><p>b) Bei Zur\u00fcckforderung bzw Zur\u00fccknahme der unter Eigentumsvorbehalt stehenden Sache durch uns liegt nur dann ein R\u00fccktritt vom Vertrag vor, wenn dieser ausdr\u00fccklich erkl\u00e4rt wird. Bei Warenr\u00fccknahme sind wir \u2013 unbeschadet weiterer Anspr\u00fcche \u2013 berechtigt, angefallene Transport- und Manipulationsspesen zu verrechnen.<\/p><p>c) Sofern der Erwerber die von uns gelieferten Waren oder Sachen vor Erf\u00fcllung s\u00e4mtlicher unserer Forderungen verarbeitet oder bearbeitet, erwirbt er dadurch nicht Eigentum daran. Wir erwerben Miteigentum an der dadurch entstandenen neuen Sache im Verh\u00e4ltnis des Wertes der von uns gelieferten Waren zu den anderen verarbeiteten Waren im Zeitpunkt der Ver- oder Bearbeitung.<\/p><p>d) Die unter Eigentumsvorbehalt stehenden Waren darf der K\u00e4ufer weder verpf\u00e4nden noch sicherungshalber \u00fcbereignen. Bei etwaigen Pf\u00e4ndungen oder sonstiger Inanspruchnahme durch dritte Personen ist der K\u00e4ufer verhalten, unser Eigentumsrecht geltend zu machen und uns unverz\u00fcglich zu verst\u00e4ndigen.<\/p><p>e) Nur ein Unternehmer, zu dessen ordentlichen Gesch\u00e4ftsbetrieb der Handel mit den von uns erworbenen Waren geh\u00f6rt, darf bis zur vollst\u00e4ndigen Begleichung der offenen Kaufpreisforderung \u00fcber die Vorbehaltsware verf\u00fcgen. Die Zustimmung zur Weiterver\u00e4u\u00dferung, Verarbeitung oder Vereinigung erlischt ohne weiteres, sobald \u00fcber das Verm\u00f6gen des Kunden ein Insolvenzverfahren er\u00f6ffnet wird oder ein solches mangels Verm\u00f6gens abgewiesen wird.<\/p><p>f) Der Kunde tr\u00e4gt das volle Risiko f\u00fcr die Vorbehaltsware, insbesondere f\u00fcr die Gefahr des Unterganges, des Verlustes oder der Verschlechterung.<\/p><p><strong>XVI. Forderungsabtretungen, Zur\u00fcckbehaltung, Aufrechnungsverbot<\/strong><br \/>a) Bei Lieferung unter Eigentumsvorbehalt tritt der Kunde uns schon jetzt seine Forderungen gegen\u00fcber Dritten, soweit diese durch Ver\u00e4u\u00dferung oder Verarbeitung unserer Waren entstehen, bis zur endg\u00fcltigen Bezahlung unserer Forderungen zahlungshalber ab. Unsere Kunden sind verpflichtet, die f\u00fcr die Wirksamkeit der Abtretung erforderlichen Vermerke in ihren B\u00fcchern und auf ihren Rechnungen zu setzen. Ist der Kunde mit seinen Zahlungen uns gegener in Verzug, so sind die bei ihm eingehenden Verkaufserl\u00f6se abzusondern und hat der Kunde diese nur in unserem Namen inne. Allf\u00e4llige Anspr\u00fcche gegen einen Versicherer sind in den Grenzen des \u00a7 15 VersVG bereits jetzt an uns abgetreten.<\/p><p>b) Forderungen gegen uns d\u00fcrfen ohne unsere ausdr\u00fcckliche Zustimmung nicht abgetreten werden.<\/p><p>c) Der Kunde ist bei gerechtfertigter Reklamation au\u00dfer in den F\u00e4llen der R\u00fcckabwicklung nicht zur Zur\u00fcckhaltung des gesamten, sondern nur eines angemessenen Teiles des Bruttorechnungsbetrages berechtigt.<\/p><p>d) Der Vertragspartner ist nicht berichtigt, allenfalls bestehende Gegenforderungen mit uns zustehenden Forderungen aufzurechnen, es sei denn, Gegenforderungen sind schriftlich anerkannt oder rechtskr\u00e4ftig festgestellt worden.<\/p><p><strong>XVII. Terminsverlust<\/strong><br \/>a) Soweit der Kunde seine Zahlungsverpflichtung in Teilbetr\u00e4gen abzustatten hat, gilt als vereinbart, dass bei nicht fristgerechter Bezahlung auch nur einer Rate s\u00e4mtliche noch ausst\u00e4ndigen Teilleistungen ohne weitere Nachfristsetzung sofort f\u00e4llig werden.<\/p><p>XVIII. Rechtswahl, Gerichtsstand<br \/>Es gilt \u00f6sterreichisches Recht. Die Anwendbarkeit des UN-Kaufrechtes wird ausdr\u00fccklich ausgeschlossen. Die Vertragssprache ist deutsch. Die Vertragsparteien vereinbaren \u00f6sterreichische, inl\u00e4ndische Gerichtsbarkeit. Zur Entscheidung aller aus diesem Vertrag entstehenden Streitigkeiten ist das sachlich zust\u00e4ndige Gericht f\u00fcr 8020 Graz ausschlie\u00dflich \u00f6rtlich zust\u00e4ndig.<\/p><p><strong>XIX. Datenschutz, Adress\u00e4nderung und Urheberrecht<\/strong><br \/>a) Der Kunde erteilt seine Zustimmung, dass auch die im Kaufvertrag mit enthaltenen personenbezogenen Daten in Erf\u00fcllung dieses Vertrages von uns automationsunterst\u00fctzt gespeichert und verarbeitet werden.<\/p><p>b) Der Kunde ist verpflichtet, uns \u00c4nderungen seiner Wohn- bzw Gesch\u00e4ftsadresse bekannt zu geben, solange das vertragsgegenst\u00e4ndliche Rechtsgesch\u00e4ft nicht beiderseitig vollst\u00e4ndig erf\u00fcllt ist. Wird die Mitteilung unterlassen, so gelten Erkl\u00e4rungen auch dann als zugegangen, falls sie an die zuletzt bekannt gegebene Adresse gesendet werden.<\/p><p><strong>XX. Salvatorische Klausel<\/strong><br \/>Sollten einzelne Bestimmungen dieser AGB ganz oder teilweise unwirksam oder undurchf\u00fchrbar sein oder werden, so ber\u00fchrt dies die G\u00fcltigkeit der Bedingungen im \u00fcbrigen nicht<\/p><\/div>\n\t\t\t\t<\/div>\n\t\t\t\t<\/div>\n\t\t\t\t\t\t<\/div>\n\t\t\t\t\t<\/div>\n\t\t<\/div>\n\t\t\t\t\t\t\t\t<\/div>\n\t\t\t\t\t<\/div>\n\t\t<\/section>\n\t\t\t\t\t\t<\/div>\n\t\t\t\t\t\t<\/div>\n\t\t\t\t\t<\/div>\n\t\t","protected":false},"excerpt":{"rendered":"<p>AGB Allgemeine Gesch\u00e4ftsbedinungen der CBD &#8211; Vertriebskompetenz GmbH I. Geltung Die Lieferungen, Leistungen und Angebote unseres Unternehmens erfolgen ausschlie\u00dflich aufgrund dieser AGB, und zwar unabh\u00e4ngig von der Art des Rechtsgesch\u00e4ftes. S\u00e4mtliche unserer privatrechtlichen Willenserkl\u00e4rungen sind auf Grundlage dieser AGB zu verstehen. Entgegenstehende oder von unseren AGB abweichende Bedingungen des Kunden erkennen wir nicht an, es&hellip;&nbsp;<a href=\"https:\/\/www.cbd-kompetenzzentrum.com\/homepage\/agb\/\" class=\"\" rel=\"bookmark\">Weiterlesen &raquo;<span class=\"screen-reader-text\">AGB<\/span><\/a><\/p>\n","protected":false},"author":2,"featured_media":0,"parent":0,"menu_order":0,"comment_status":"closed","ping_status":"closed","template":"page-templates\/template-pagebuilder-full-width.php","meta":{"neve_meta_sidebar":"","neve_meta_container":"","neve_meta_enable_content_width":"off","neve_meta_content_width":0,"neve_meta_title_alignment":"","neve_meta_author_avatar":"","neve_post_elements_order":"","neve_meta_disable_header":"","neve_meta_disable_footer":"","neve_meta_disable_title":"","spay_email":"","footnotes":""},"yoast_head":"<!-- This site is optimized with the Yoast SEO plugin v15.5 - https:\/\/yoast.com\/wordpress\/plugins\/seo\/ -->\n<title>AGB - CBD - Vetriebskompetenz GmbH<\/title>\n<meta name=\"robots\" content=\"index, follow, max-snippet:-1, max-image-preview:large, max-video-preview:-1\" \/>\n<link rel=\"canonical\" href=\"http:\/\/www.cbd-kompetenzzentrum.com\/homepage\/agb\/\" \/>\n<meta property=\"og:locale\" content=\"de_DE\" \/>\n<meta property=\"og:type\" content=\"article\" \/>\n<meta property=\"og:title\" content=\"AGB - CBD - Vetriebskompetenz GmbH\" \/>\n<meta property=\"og:description\" content=\"AGB Allgemeine Gesch\u00e4ftsbedinungen der CBD &#8211; Vertriebskompetenz GmbH I. Geltung Die Lieferungen, Leistungen und Angebote unseres Unternehmens erfolgen ausschlie\u00dflich aufgrund dieser AGB, und zwar unabh\u00e4ngig von der Art des Rechtsgesch\u00e4ftes. S\u00e4mtliche unserer privatrechtlichen Willenserkl\u00e4rungen sind auf Grundlage dieser AGB zu verstehen. Entgegenstehende oder von unseren AGB abweichende Bedingungen des Kunden erkennen wir nicht an, es&hellip;&nbsp;Weiterlesen &raquo;AGB\" \/>\n<meta property=\"og:url\" content=\"http:\/\/www.cbd-kompetenzzentrum.com\/homepage\/agb\/\" \/>\n<meta property=\"og:site_name\" content=\"CBD - Vetriebskompetenz GmbH\" \/>\n<meta property=\"article:modified_time\" content=\"2020-06-30T13:47:45+00:00\" \/>\n<meta name=\"twitter:card\" content=\"summary_large_image\" \/>\n<meta name=\"twitter:label1\" content=\"Gesch\u00e4tzte Lesezeit\">\n\t<meta name=\"twitter:data1\" content=\"9\u00a0Minuten\">\n<script type=\"application\/ld+json\" class=\"yoast-schema-graph\">{\"@context\":\"https:\/\/schema.org\",\"@graph\":[{\"@type\":\"Organization\",\"@id\":\"https:\/\/www.cbd-kompetenzzentrum.com\/homepage\/#organization\",\"name\":\"CBD - Vertriebskompetenz GmbH\",\"url\":\"https:\/\/www.cbd-kompetenzzentrum.com\/homepage\/\",\"sameAs\":[],\"logo\":{\"@type\":\"ImageObject\",\"@id\":\"https:\/\/www.cbd-kompetenzzentrum.com\/homepage\/#logo\",\"inLanguage\":\"de\",\"url\":\"https:\/\/ml9olhizyssi.i.optimole.com\/KPyuUdQ-hFYNIfk8\/w:auto\/h:auto\/q:75\/https:\/\/www.cbd-kompetenzzentrum.com\/homepage\/wp-content\/uploads\/2019\/10\/LOGO-1024x685.png\",\"width\":1024,\"height\":685,\"caption\":\"CBD - Vertriebskompetenz GmbH\"},\"image\":{\"@id\":\"https:\/\/www.cbd-kompetenzzentrum.com\/homepage\/#logo\"}},{\"@type\":\"WebSite\",\"@id\":\"https:\/\/www.cbd-kompetenzzentrum.com\/homepage\/#website\",\"url\":\"https:\/\/www.cbd-kompetenzzentrum.com\/homepage\/\",\"name\":\"CBD - Vetriebskompetenz GmbH\",\"description\":\"\",\"publisher\":{\"@id\":\"https:\/\/www.cbd-kompetenzzentrum.com\/homepage\/#organization\"},\"potentialAction\":[{\"@type\":\"SearchAction\",\"target\":\"https:\/\/www.cbd-kompetenzzentrum.com\/homepage\/?s={search_term_string}\",\"query-input\":\"required name=search_term_string\"}],\"inLanguage\":\"de\"},{\"@type\":\"WebPage\",\"@id\":\"http:\/\/www.cbd-kompetenzzentrum.com\/homepage\/agb\/#webpage\",\"url\":\"http:\/\/www.cbd-kompetenzzentrum.com\/homepage\/agb\/\",\"name\":\"AGB - CBD - Vetriebskompetenz GmbH\",\"isPartOf\":{\"@id\":\"https:\/\/www.cbd-kompetenzzentrum.com\/homepage\/#website\"},\"datePublished\":\"2019-10-28T07:28:51+00:00\",\"dateModified\":\"2020-06-30T13:47:45+00:00\",\"inLanguage\":\"de\",\"potentialAction\":[{\"@type\":\"ReadAction\",\"target\":[\"http:\/\/www.cbd-kompetenzzentrum.com\/homepage\/agb\/\"]}]}]}<\/script>\n<!-- \/ Yoast SEO plugin. -->","_links":{"self":[{"href":"https:\/\/www.cbd-kompetenzzentrum.com\/homepage\/wp-json\/wp\/v2\/pages\/425"}],"collection":[{"href":"https:\/\/www.cbd-kompetenzzentrum.com\/homepage\/wp-json\/wp\/v2\/pages"}],"about":[{"href":"https:\/\/www.cbd-kompetenzzentrum.com\/homepage\/wp-json\/wp\/v2\/types\/page"}],"author":[{"embeddable":true,"href":"https:\/\/www.cbd-kompetenzzentrum.com\/homepage\/wp-json\/wp\/v2\/users\/2"}],"replies":[{"embeddable":true,"href":"https:\/\/www.cbd-kompetenzzentrum.com\/homepage\/wp-json\/wp\/v2\/comments?post=425"}],"version-history":[{"count":0,"href":"https:\/\/www.cbd-kompetenzzentrum.com\/homepage\/wp-json\/wp\/v2\/pages\/425\/revisions"}],"wp:attachment":[{"href":"https:\/\/www.cbd-kompetenzzentrum.com\/homepage\/wp-json\/wp\/v2\/media?parent=425"}],"curies":[{"name":"wp","href":"https:\/\/api.w.org\/{rel}","templated":true}]}}